{"id":187,"date":"2024-05-30T15:07:28","date_gmt":"2024-05-30T13:07:28","guid":{"rendered":"https:\/\/closstlouis.com\/?page_id=187"},"modified":"2026-04-25T12:00:52","modified_gmt":"2026-04-25T10:00:52","slug":"visites","status":"publish","type":"page","link":"https:\/\/closstlouis.com\/index.php\/visites\/","title":{"rendered":"Visite"},"content":{"rendered":"<p>[et_pb_section fb_built=\u00a0\u00bb1&Prime; admin_label=\u00a0\u00bbHeader\u00a0\u00bb _builder_version=\u00a0\u00bb4.25.1&Prime; background_color=\u00a0\u00bb#f9f5f1&Prime; background_image=\u00a0\u00bbhttps:\/\/closstlouis.com\/wp-content\/uploads\/2024\/05\/header-visites-csl.png\u00a0\u00bb background_position=\u00a0\u00bbtop_center\u00a0\u00bb height=\u00a0\u00bb600px\u00a0\u00bb custom_padding=\u00a0\u00bb0px||||false|false\u00a0\u00bb global_colors_info=\u00a0\u00bb{}\u00a0\u00bb][et_pb_row _builder_version=\u00a0\u00bb4.25.1&Prime; global_colors_info=\u00a0\u00bb{}\u00a0\u00bb][et_pb_column type=\u00a0\u00bb4_4&Prime; _builder_version=\u00a0\u00bb4.16&Prime; global_colors_info=\u00a0\u00bb{}\u00a0\u00bb][et_pb_text _builder_version=\u00a0\u00bb4.25.1&Prime; _dynamic_attributes=\u00a0\u00bbcontent\u00a0\u00bb text_font=\u00a0\u00bbLora||||||||\u00a0\u00bb text_line_height=\u00a0\u00bb2em\u00a0\u00bb header_text_align=\u00a0\u00bbcenter\u00a0\u00bb header_text_color=\u00a0\u00bb#FFFFFF\u00a0\u00bb header_font_size=\u00a0\u00bb50px\u00a0\u00bb custom_margin=\u00a0\u00bb100px||17px||false|false\u00a0\u00bb header_font_size_tablet=\u00a0\u00bb60px\u00a0\u00bb header_font_size_phone=\u00a0\u00bb40px\u00a0\u00bb header_font_size_last_edited=\u00a0\u00bbon|phone\u00a0\u00bb global_colors_info=\u00a0\u00bb{}\u00a0\u00bb max_width__hover_enabled=\u00a0\u00bboff|desktop\u00a0\u00bb]@ET-DC@eyJkeW5hbWljIjp0cnVlLCJjb250ZW50IjoicG9zdF90aXRsZSIsInNldHRpbmdzIjp7ImJlZm9yZSI6IjxoMT4iLCJhZnRlciI6IjwvaDE+In19@[\/et_pb_text][et_pb_divider color=\u00a0\u00bb#FFFFFF\u00a0\u00bb _builder_version=\u00a0\u00bb4.25.1&Prime; _module_preset=\u00a0\u00bbdefault\u00a0\u00bb width=\u00a0\u00bb200px\u00a0\u00bb module_alignment=\u00a0\u00bbcenter\u00a0\u00bb custom_margin=\u00a0\u00bb||13px|||\u00a0\u00bb global_colors_info=\u00a0\u00bb{}\u00a0\u00bb][\/et_pb_divider][et_pb_text _builder_version=\u00a0\u00bb4.25.1&Prime; _module_preset=\u00a0\u00bbdefault\u00a0\u00bb text_text_color=\u00a0\u00bb#FFFFFF\u00a0\u00bb header_font=\u00a0\u00bb&#8211;et_global_body_font||||||||\u00a0\u00bb header_2_font=\u00a0\u00bb&#8211;et_global_body_font||on||||||\u00a0\u00bb header_2_text_color=\u00a0\u00bb#FFFFFF\u00a0\u00bb text_orientation=\u00a0\u00bbcenter\u00a0\u00bb global_colors_info=\u00a0\u00bb{}\u00a0\u00bb]<\/p>\n<h2>Rencontres &#038; D\u00e9gustation<\/h2>\n<p>[\/et_pb_text][\/et_pb_column][\/et_pb_row][\/et_pb_section][et_pb_section fb_built=\u00a0\u00bb1&Prime; _builder_version=\u00a0\u00bb4.25.1&Prime; background_enable_color=\u00a0\u00bboff\u00a0\u00bb background_enable_image=\u00a0\u00bboff\u00a0\u00bb background_size=\u00a0\u00bbinitial\u00a0\u00bb global_colors_info=\u00a0\u00bb{}\u00a0\u00bb][et_pb_row _builder_version=\u00a0\u00bb4.25.1&Prime; custom_margin=\u00a0\u00bb40px||||false|false\u00a0\u00bb locked=\u00a0\u00bboff\u00a0\u00bb global_colors_info=\u00a0\u00bb{}\u00a0\u00bb][et_pb_column type=\u00a0\u00bb4_4&Prime; _builder_version=\u00a0\u00bb4.16&Prime; global_colors_info=\u00a0\u00bb{}\u00a0\u00bb][et_pb_text _builder_version=\u00a0\u00bb4.25.1&Prime; text_font=\u00a0\u00bbLora||||||||\u00a0\u00bb text_text_color=\u00a0\u00bbgcid-cf8cfa54-757e-441c-8a1d-e45560ff6fcf\u00a0\u00bb text_font_size=\u00a0\u00bb16px\u00a0\u00bb text_line_height=\u00a0\u00bb2em\u00a0\u00bb header_3_text_color=\u00a0\u00bbgcid-cf8cfa54-757e-441c-8a1d-e45560ff6fcf\u00a0\u00bb text_orientation=\u00a0\u00bbcenter\u00a0\u00bb custom_margin=\u00a0\u00bb||1px|||\u00a0\u00bb locked=\u00a0\u00bboff\u00a0\u00bb global_colors_info=\u00a0\u00bb{%22gcid-cf8cfa54-757e-441c-8a1d-e45560ff6fcf%22:%91%22text_text_color%22,%22header_3_text_color%22%93}\u00a0\u00bb]<\/p>\n<h3>Visites du domaine<\/h3>\n<p>[\/et_pb_text][et_pb_image src=\u00a0\u00bbhttps:\/\/closstlouis.com\/wp-content\/uploads\/2024\/05\/icon-raisin.png\u00a0\u00bb title_text=\u00a0\u00bbicon-raisin\u00a0\u00bb align=\u00a0\u00bbcenter\u00a0\u00bb disabled_on=\u00a0\u00bbon|on|off\u00a0\u00bb _builder_version=\u00a0\u00bb4.25.1&Prime; _module_preset=\u00a0\u00bbdefault\u00a0\u00bb width=\u00a0\u00bb150px\u00a0\u00bb global_colors_info=\u00a0\u00bb{}\u00a0\u00bb][\/et_pb_image][et_pb_text _builder_version=\u00a0\u00bb4.27.6&Prime; text_font=\u00a0\u00bbLora||||||||\u00a0\u00bb text_text_color=\u00a0\u00bbgcid-cf8cfa54-757e-441c-8a1d-e45560ff6fcf\u00a0\u00bb text_font_size=\u00a0\u00bb16px\u00a0\u00bb text_line_height=\u00a0\u00bb2em\u00a0\u00bb header_3_text_color=\u00a0\u00bbgcid-cf8cfa54-757e-441c-8a1d-e45560ff6fcf\u00a0\u00bb header_4_font=\u00a0\u00bb&#8211;et_global_body_font||on||||||\u00a0\u00bb header_4_text_color=\u00a0\u00bbgcid-cf8cfa54-757e-441c-8a1d-e45560ff6fcf\u00a0\u00bb text_orientation=\u00a0\u00bbcenter\u00a0\u00bb custom_margin=\u00a0\u00bb0px||||false|false\u00a0\u00bb custom_padding=\u00a0\u00bb||1px|||\u00a0\u00bb locked=\u00a0\u00bboff\u00a0\u00bb global_colors_info=\u00a0\u00bb{%22gcid-cf8cfa54-757e-441c-8a1d-e45560ff6fcf%22:%91%22text_text_color%22,%22header_3_text_color%22,%22header_4_text_color%22%93}\u00a0\u00bb]<\/p>\n<h4>D\u00e9gustation et accueil de groupes<\/h4>\n<p>[\/et_pb_text][et_pb_text _builder_version=\u00a0\u00bb4.25.1&Prime; text_font=\u00a0\u00bbLora||||||||\u00a0\u00bb text_text_color=\u00a0\u00bbgcid-cf8cfa54-757e-441c-8a1d-e45560ff6fcf\u00a0\u00bb text_font_size=\u00a0\u00bb16px\u00a0\u00bb header_3_text_color=\u00a0\u00bbgcid-cf8cfa54-757e-441c-8a1d-e45560ff6fcf\u00a0\u00bb text_orientation=\u00a0\u00bbcenter\u00a0\u00bb custom_margin=\u00a0\u00bb||1px|||\u00a0\u00bb locked=\u00a0\u00bboff\u00a0\u00bb global_colors_info=\u00a0\u00bb{%22gcid-cf8cfa54-757e-441c-8a1d-e45560ff6fcf%22:%91%22header_3_text_color%22,%22text_text_color%22%93}\u00a0\u00bb]<\/p>\n<p>Les visites et les d\u00e9gustations se font sur rendez-vous, aux heures d\u2019ouvertures :<br \/>Du lundi au vendredi : 9h\u201312h et 14h\u201317h.<br \/>Sam. et dim. : nous consulter.<\/p>\n<p>[\/et_pb_text][et_pb_text _builder_version=\u00a0\u00bb4.25.1&Prime; text_font=\u00a0\u00bbLora||||||||\u00a0\u00bb text_text_color=\u00a0\u00bbgcid-cf8cfa54-757e-441c-8a1d-e45560ff6fcf\u00a0\u00bb text_font_size=\u00a0\u00bb16px\u00a0\u00bb header_3_text_color=\u00a0\u00bbgcid-cf8cfa54-757e-441c-8a1d-e45560ff6fcf\u00a0\u00bb text_orientation=\u00a0\u00bbcenter\u00a0\u00bb custom_margin=\u00a0\u00bb10px||||false|false\u00a0\u00bb locked=\u00a0\u00bboff\u00a0\u00bb global_colors_info=\u00a0\u00bb{%22gcid-cf8cfa54-757e-441c-8a1d-e45560ff6fcf%22:%91%22header_3_text_color%22,%22text_text_color%22%93}\u00a0\u00bb]<\/p>\n<p>Situ\u00e9 dans le joli hameau de Fixey, \u00e0 300m de l\u2019\u00e9glise du X\u00e8me si\u00e8cle et quelques m\u00e8tres du four banal, le domaine vous accueille pour la vente et la d\u00e9gustation. La maison vigneronne de 1645 et le vieux caveau nous permettent d\u2019accueillir des groupes jusqu\u2019\u00e0 35 personnes, dans une atmosph\u00e8re conviviale et une ambiance authentique typiquement bourguignonne.<br \/><strong>La viticulture \u00e9tant un travail d\u2019ext\u00e9rieur, nous vous sugg\u00e9rons de nous appeler avant votre venue.<\/strong><\/p>\n<p>[\/et_pb_text][\/et_pb_column][\/et_pb_row][\/et_pb_section][et_pb_section fb_built=\u00a0\u00bb1&Prime; _builder_version=\u00a0\u00bb4.25.1&Prime; _module_preset=\u00a0\u00bbdefault\u00a0\u00bb background_image=\u00a0\u00bbhttps:\/\/closstlouis.com\/wp-content\/uploads\/2024\/05\/galerie-visite-csl_SD.png\u00a0\u00bb height=\u00a0\u00bb300px\u00a0\u00bb global_colors_info=\u00a0\u00bb{}\u00a0\u00bb][\/et_pb_section][et_pb_section fb_built=\u00a0\u00bb1&Prime; admin_label=\u00a0\u00bbVideo\u00a0\u00bb _builder_version=\u00a0\u00bb4.25.1&Prime; background_enable_color=\u00a0\u00bboff\u00a0\u00bb background_enable_image=\u00a0\u00bboff\u00a0\u00bb background_size=\u00a0\u00bbinitial\u00a0\u00bb locked=\u00a0\u00bboff\u00a0\u00bb global_colors_info=\u00a0\u00bb{}\u00a0\u00bb][et_pb_row _builder_version=\u00a0\u00bb4.16&Prime; locked=\u00a0\u00bboff\u00a0\u00bb global_colors_info=\u00a0\u00bb{}\u00a0\u00bb][et_pb_column type=\u00a0\u00bb4_4&Prime; _builder_version=\u00a0\u00bb4.16&Prime; global_colors_info=\u00a0\u00bb{}\u00a0\u00bb][et_pb_text _builder_version=\u00a0\u00bb4.25.1&Prime; text_font=\u00a0\u00bbLora||||||||\u00a0\u00bb text_text_color=\u00a0\u00bbgcid-cf8cfa54-757e-441c-8a1d-e45560ff6fcf\u00a0\u00bb text_font_size=\u00a0\u00bb16px\u00a0\u00bb text_line_height=\u00a0\u00bb2em\u00a0\u00bb header_3_text_color=\u00a0\u00bbgcid-cf8cfa54-757e-441c-8a1d-e45560ff6fcf\u00a0\u00bb header_4_font=\u00a0\u00bb&#8211;et_global_body_font||on||||||\u00a0\u00bb header_4_text_color=\u00a0\u00bbgcid-cf8cfa54-757e-441c-8a1d-e45560ff6fcf\u00a0\u00bb text_orientation=\u00a0\u00bbcenter\u00a0\u00bb custom_margin=\u00a0\u00bb0px||||false|false\u00a0\u00bb locked=\u00a0\u00bboff\u00a0\u00bb global_colors_info=\u00a0\u00bb{%22gcid-cf8cfa54-757e-441c-8a1d-e45560ff6fcf%22:%91%22text_text_color%22,%22header_3_text_color%22,%22header_4_text_color%22%93}\u00a0\u00bb]<\/p>\n<h4>Prestations :<\/h4>\n<p>[\/et_pb_text][et_pb_text _builder_version=\u00a0\u00bb4.25.1&Prime; text_font=\u00a0\u00bbLora||||||||\u00a0\u00bb text_text_color=\u00a0\u00bbgcid-cf8cfa54-757e-441c-8a1d-e45560ff6fcf\u00a0\u00bb text_font_size=\u00a0\u00bb16px\u00a0\u00bb ul_text_align=\u00a0\u00bbleft\u00a0\u00bb header_3_text_color=\u00a0\u00bbgcid-cf8cfa54-757e-441c-8a1d-e45560ff6fcf\u00a0\u00bb text_orientation=\u00a0\u00bbcenter\u00a0\u00bb custom_margin=\u00a0\u00bb||1px|||\u00a0\u00bb global_colors_info=\u00a0\u00bb{%22gcid-cf8cfa54-757e-441c-8a1d-e45560ff6fcf%22:%91%22header_3_text_color%22,%22text_text_color%22%93}\u00a0\u00bb]<\/p>\n<ul>\n<li>Les visites durent environ 1 heure. Si les conditions m\u00e9t\u00e9orologiques le permettent, nous commen\u00e7ons par pr\u00e9senter le<br \/>travail de la vigne et les terroirs directement dans une parcelle. Vous d\u00e9couvrirez ensuite la vinification dans notre cuverie<br \/>puis l\u2019\u00e9levage dans la cave. Nous finirons par une d\u00e9gustation comment\u00e9e de plusieurs vins dans le vieux caveau vout\u00e9.<\/li>\n<li>Nous adaptons la visite en fonction du public et de la saison.<\/li>\n<li>Pour les groupes, Martine propose des goug\u00e8res maison r\u00e9alis\u00e9es avec la recette familiale.<\/li>\n<li>Nous disposons d\u2019un parking priv\u00e9 accessible aux bus<\/li>\n<\/ul>\n<p>[\/et_pb_text][et_pb_button button_url=\u00a0\u00bbmailto:closstlouis@orange.fr\u00a0\u00bb button_text=\u00a0\u00bbNous contacter\u00a0\u00bb button_alignment=\u00a0\u00bbcenter\u00a0\u00bb _builder_version=\u00a0\u00bb4.25.1&Prime; _module_preset=\u00a0\u00bbdefault\u00a0\u00bb global_colors_info=\u00a0\u00bb{}\u00a0\u00bb][\/et_pb_button][\/et_pb_column][\/et_pb_row][\/et_pb_section]<\/p>\n","protected":false},"excerpt":{"rendered":"<p>Rencontres &#038; D\u00e9gustationVisites du domaineD\u00e9gustation et accueil de groupesLes visites et les d\u00e9gustations se font sur rendez-vous, aux heures d\u2019ouvertures :Du lundi au vendredi : 9h\u201312h et 14h\u201317h.Sam. et dim. : nous consulter.Situ\u00e9 dans le joli hameau de Fixey, \u00e0 300m de l\u2019\u00e9glise du X\u00e8me si\u00e8cle et quelques m\u00e8tres du four banal, le domaine vous [&hellip;]<\/p>\n","protected":false},"author":1,"featured_media":0,"parent":0,"menu_order":0,"comment_status":"closed","ping_status":"closed","template":"","meta":{"_et_pb_use_builder":"on","_et_pb_old_content":"","_et_gb_content_width":"","footnotes":""},"class_list":["post-187","page","type-page","status-publish","hentry"],"_links":{"self":[{"href":"https:\/\/closstlouis.com\/index.php\/wp-json\/wp\/v2\/pages\/187","targetHints":{"allow":["GET"]}}],"collection":[{"href":"https:\/\/closstlouis.com\/index.php\/wp-json\/wp\/v2\/pages"}],"about":[{"href":"https:\/\/closstlouis.com\/index.php\/wp-json\/wp\/v2\/types\/page"}],"author":[{"embeddable":true,"href":"https:\/\/closstlouis.com\/index.php\/wp-json\/wp\/v2\/users\/1"}],"replies":[{"embeddable":true,"href":"https:\/\/closstlouis.com\/index.php\/wp-json\/wp\/v2\/comments?post=187"}],"version-history":[{"count":10,"href":"https:\/\/closstlouis.com\/index.php\/wp-json\/wp\/v2\/pages\/187\/revisions"}],"predecessor-version":[{"id":336,"href":"https:\/\/closstlouis.com\/index.php\/wp-json\/wp\/v2\/pages\/187\/revisions\/336"}],"wp:attachment":[{"href":"https:\/\/closstlouis.com\/index.php\/wp-json\/wp\/v2\/media?parent=187"}],"curies":[{"name":"wp","href":"https:\/\/api.w.org\/{rel}","templated":true}]}}