{"id":102,"date":"2024-05-03T11:18:06","date_gmt":"2024-05-03T09:18:06","guid":{"rendered":"https:\/\/closstlouis.com\/?page_id=102"},"modified":"2026-04-25T11:52:42","modified_gmt":"2026-04-25T09:52:42","slug":"le-domaine","status":"publish","type":"page","link":"https:\/\/closstlouis.com\/index.php\/le-domaine\/","title":{"rendered":"Le Domaine"},"content":{"rendered":"<p>[et_pb_section fb_built=\u00a0\u00bb1&Prime; admin_label=\u00a0\u00bbHeader\u00a0\u00bb _builder_version=\u00a0\u00bb4.25.1&Prime; background_color=\u00a0\u00bb#f9f5f1&Prime; background_image=\u00a0\u00bbhttps:\/\/closstlouis.com\/wp-content\/uploads\/2024\/05\/header-domaine-csl_SD.png\u00a0\u00bb height=\u00a0\u00bb600px\u00a0\u00bb custom_padding=\u00a0\u00bb0px||||false|false\u00a0\u00bb global_colors_info=\u00a0\u00bb{}\u00a0\u00bb][et_pb_row _builder_version=\u00a0\u00bb4.25.1&Prime; global_colors_info=\u00a0\u00bb{}\u00a0\u00bb][et_pb_column type=\u00a0\u00bb4_4&Prime; _builder_version=\u00a0\u00bb4.16&Prime; global_colors_info=\u00a0\u00bb{}\u00a0\u00bb][et_pb_text _builder_version=\u00a0\u00bb4.25.1&Prime; _dynamic_attributes=\u00a0\u00bbcontent\u00a0\u00bb text_font=\u00a0\u00bbLora||||||||\u00a0\u00bb text_line_height=\u00a0\u00bb2em\u00a0\u00bb header_text_align=\u00a0\u00bbcenter\u00a0\u00bb header_text_color=\u00a0\u00bb#FFFFFF\u00a0\u00bb header_font_size=\u00a0\u00bb50px\u00a0\u00bb custom_margin=\u00a0\u00bb100px||||false|false\u00a0\u00bb header_font_size_tablet=\u00a0\u00bb60px\u00a0\u00bb header_font_size_phone=\u00a0\u00bb40px\u00a0\u00bb header_font_size_last_edited=\u00a0\u00bbon|phone\u00a0\u00bb global_colors_info=\u00a0\u00bb{}\u00a0\u00bb max_width__hover_enabled=\u00a0\u00bboff|desktop\u00a0\u00bb]@ET-DC@eyJkeW5hbWljIjp0cnVlLCJjb250ZW50IjoicG9zdF90aXRsZSIsInNldHRpbmdzIjp7ImJlZm9yZSI6IjxoMT4iLCJhZnRlciI6IjwvaDE+In19@[\/et_pb_text][et_pb_divider color=\u00a0\u00bb#FFFFFF\u00a0\u00bb _builder_version=\u00a0\u00bb4.25.1&Prime; _module_preset=\u00a0\u00bbdefault\u00a0\u00bb width=\u00a0\u00bb200px\u00a0\u00bb module_alignment=\u00a0\u00bbcenter\u00a0\u00bb global_colors_info=\u00a0\u00bb{}\u00a0\u00bb][\/et_pb_divider][et_pb_text _builder_version=\u00a0\u00bb4.25.1&Prime; _module_preset=\u00a0\u00bbdefault\u00a0\u00bb text_text_color=\u00a0\u00bb#FFFFFF\u00a0\u00bb header_font=\u00a0\u00bb&#8211;et_global_body_font||||||||\u00a0\u00bb header_2_font=\u00a0\u00bb&#8211;et_global_body_font||on||||||\u00a0\u00bb header_2_text_color=\u00a0\u00bb#FFFFFF\u00a0\u00bb text_orientation=\u00a0\u00bbcenter\u00a0\u00bb global_colors_info=\u00a0\u00bb{}\u00a0\u00bb]<\/p>\n<h2>Pr\u00e9sentation<\/h2>\n<p>[\/et_pb_text][\/et_pb_column][\/et_pb_row][\/et_pb_section][et_pb_section fb_built=\u00a0\u00bb1&Prime; _builder_version=\u00a0\u00bb4.25.1&Prime; background_enable_color=\u00a0\u00bboff\u00a0\u00bb background_enable_image=\u00a0\u00bboff\u00a0\u00bb background_size=\u00a0\u00bbinitial\u00a0\u00bb global_colors_info=\u00a0\u00bb{}\u00a0\u00bb][et_pb_row _builder_version=\u00a0\u00bb4.25.1&Prime; custom_margin=\u00a0\u00bb40px||||false|false\u00a0\u00bb locked=\u00a0\u00bboff\u00a0\u00bb global_colors_info=\u00a0\u00bb{}\u00a0\u00bb][et_pb_column type=\u00a0\u00bb4_4&Prime; _builder_version=\u00a0\u00bb4.16&Prime; global_colors_info=\u00a0\u00bb{}\u00a0\u00bb][et_pb_text _builder_version=\u00a0\u00bb4.25.1&Prime; text_font=\u00a0\u00bbLora||||||||\u00a0\u00bb text_text_color=\u00a0\u00bbgcid-cf8cfa54-757e-441c-8a1d-e45560ff6fcf\u00a0\u00bb text_font_size=\u00a0\u00bb16px\u00a0\u00bb text_line_height=\u00a0\u00bb2em\u00a0\u00bb header_3_text_color=\u00a0\u00bbgcid-cf8cfa54-757e-441c-8a1d-e45560ff6fcf\u00a0\u00bb text_orientation=\u00a0\u00bbcenter\u00a0\u00bb custom_margin=\u00a0\u00bb||1px|||\u00a0\u00bb locked=\u00a0\u00bboff\u00a0\u00bb global_colors_info=\u00a0\u00bb{%22gcid-cf8cfa54-757e-441c-8a1d-e45560ff6fcf%22:%91%22text_text_color%22,%22header_3_text_color%22%93}\u00a0\u00bb]<\/p>\n<h3>Les vignerons<\/h3>\n<p>[\/et_pb_text][et_pb_image src=\u00a0\u00bbhttps:\/\/closstlouis.com\/wp-content\/uploads\/2024\/05\/icon-raisin.png\u00a0\u00bb title_text=\u00a0\u00bbicon-raisin\u00a0\u00bb align=\u00a0\u00bbcenter\u00a0\u00bb disabled_on=\u00a0\u00bbon|on|off\u00a0\u00bb _builder_version=\u00a0\u00bb4.25.1&Prime; _module_preset=\u00a0\u00bbdefault\u00a0\u00bb width=\u00a0\u00bb150px\u00a0\u00bb global_colors_info=\u00a0\u00bb{}\u00a0\u00bb][\/et_pb_image][et_pb_text _builder_version=\u00a0\u00bb4.25.1&Prime; text_font=\u00a0\u00bbLora||||||||\u00a0\u00bb text_text_color=\u00a0\u00bbgcid-cf8cfa54-757e-441c-8a1d-e45560ff6fcf\u00a0\u00bb text_font_size=\u00a0\u00bb16px\u00a0\u00bb text_line_height=\u00a0\u00bb2em\u00a0\u00bb header_3_text_color=\u00a0\u00bbgcid-cf8cfa54-757e-441c-8a1d-e45560ff6fcf\u00a0\u00bb header_4_font=\u00a0\u00bb&#8211;et_global_body_font||on||||||\u00a0\u00bb header_4_text_color=\u00a0\u00bbgcid-cf8cfa54-757e-441c-8a1d-e45560ff6fcf\u00a0\u00bb text_orientation=\u00a0\u00bbcenter\u00a0\u00bb custom_margin=\u00a0\u00bb0px||||false|false\u00a0\u00bb locked=\u00a0\u00bboff\u00a0\u00bb global_colors_info=\u00a0\u00bb{%22gcid-cf8cfa54-757e-441c-8a1d-e45560ff6fcf%22:%91%22text_text_color%22,%22header_3_text_color%22,%22header_4_text_color%22%93}\u00a0\u00bb]<\/p>\n<h4>Notre histoire<\/h4>\n<p>[\/et_pb_text][et_pb_text _builder_version=\u00a0\u00bb4.27.6&Prime; text_text_color=\u00a0\u00bbgcid-cf8cfa54-757e-441c-8a1d-e45560ff6fcf\u00a0\u00bb text_font_size=\u00a0\u00bb16px\u00a0\u00bb header_3_text_color=\u00a0\u00bbgcid-cf8cfa54-757e-441c-8a1d-e45560ff6fcf\u00a0\u00bb text_orientation=\u00a0\u00bbcenter\u00a0\u00bb custom_margin=\u00a0\u00bb||1px|||\u00a0\u00bb locked=\u00a0\u00bboff\u00a0\u00bb global_colors_info=\u00a0\u00bb{%22gcid-cf8cfa54-757e-441c-8a1d-e45560ff6fcf%22:%91%22header_3_text_color%22,%22text_text_color%22%93}\u00a0\u00bb]<\/p>\n<p>Depuis sa cr\u00e9ation par Edmond Bernard, quatre g\u00e9n\u00e9rations se sont succ\u00e9d\u00e9es au <strong>Clos St Louis<\/strong>. Apr\u00e8s son grand-p\u00e8re Maurice, puis son p\u00e8re Charles, Philippe a repris la t\u00eate de l\u2019exploitation en 1995.<\/p>\n<p>Avec Martine son \u00e9pouse, ils d\u00e9veloppent le domaine qui rayonne \u00e0 travers de nouvelles activit\u00e9s : <strong>mise en bouteille au domaine<\/strong>, <strong>oenotourisme<\/strong>, accueil de groupes, autour des valeurs du partage et de la gastronomie locale.<\/p>\n<p>Virginie leur fille reprend les r\u00eanes du domaine en 2026, incarnant la cinqui\u00e8me g\u00e9n\u00e9ration, et comptant bien perp\u00e9tuer le <strong>savoir-faire familial<\/strong>, tout en y apportant sa sensibilit\u00e9 et son regard neuf.<\/p>\n<p>Aux c\u00f4t\u00e9s de son p\u00e8re, oenologue de formation et intronis\u00e9 <em>Chevalier du Tastevin<\/em> en 2011, et accompagn\u00e9e d&rsquo;une \u00e9quipe engag\u00e9e, Virginie m\u00e8ne des <strong>vinifications sans artifices<\/strong>, mettant en valeur les <strong>qualit\u00e9s du terroir<\/strong>.<\/p>\n<p>[\/et_pb_text][\/et_pb_column][\/et_pb_row][\/et_pb_section][et_pb_section fb_built=\u00a0\u00bb1&Prime; _builder_version=\u00a0\u00bb4.27.6&Prime; _module_preset=\u00a0\u00bbdefault\u00a0\u00bb background_image=\u00a0\u00bbhttps:\/\/closstlouis.com\/wp-content\/uploads\/2024\/05\/domaine-vignoble-csl_SD.png\u00a0\u00bb height=\u00a0\u00bb300px\u00a0\u00bb hover_enabled=\u00a0\u00bb0&Prime; global_colors_info=\u00a0\u00bb{}\u00a0\u00bb sticky_enabled=\u00a0\u00bb0&Prime;][\/et_pb_section][et_pb_section fb_built=\u00a0\u00bb1&Prime; admin_label=\u00a0\u00bbVideo\u00a0\u00bb _builder_version=\u00a0\u00bb4.25.1&Prime; background_enable_color=\u00a0\u00bboff\u00a0\u00bb background_enable_image=\u00a0\u00bboff\u00a0\u00bb background_size=\u00a0\u00bbinitial\u00a0\u00bb locked=\u00a0\u00bboff\u00a0\u00bb global_colors_info=\u00a0\u00bb{}\u00a0\u00bb][et_pb_row _builder_version=\u00a0\u00bb4.16&Prime; locked=\u00a0\u00bboff\u00a0\u00bb global_colors_info=\u00a0\u00bb{}\u00a0\u00bb][et_pb_column type=\u00a0\u00bb4_4&Prime; _builder_version=\u00a0\u00bb4.16&Prime; global_colors_info=\u00a0\u00bb{}\u00a0\u00bb][et_pb_text _builder_version=\u00a0\u00bb4.25.1&Prime; header_3_text_color=\u00a0\u00bbgcid-cf8cfa54-757e-441c-8a1d-e45560ff6fcf\u00a0\u00bb text_orientation=\u00a0\u00bbcenter\u00a0\u00bb custom_margin=\u00a0\u00bb||1px|||\u00a0\u00bb global_colors_info=\u00a0\u00bb{%22gcid-cf8cfa54-757e-441c-8a1d-e45560ff6fcf%22:%91%22header_3_text_color%22%93}\u00a0\u00bb]<\/p>\n<h3>le Vignoble<\/h3>\n<p>[\/et_pb_text][et_pb_image src=\u00a0\u00bbhttps:\/\/closstlouis.com\/wp-content\/uploads\/2024\/05\/icon-raisin.png\u00a0\u00bb title_text=\u00a0\u00bbicon-raisin\u00a0\u00bb align=\u00a0\u00bbcenter\u00a0\u00bb disabled_on=\u00a0\u00bbon|on|off\u00a0\u00bb _builder_version=\u00a0\u00bb4.25.1&Prime; _module_preset=\u00a0\u00bbdefault\u00a0\u00bb width=\u00a0\u00bb150px\u00a0\u00bb global_colors_info=\u00a0\u00bb{}\u00a0\u00bb][\/et_pb_image][et_pb_text _builder_version=\u00a0\u00bb4.25.1&Prime; text_font=\u00a0\u00bbLora||||||||\u00a0\u00bb text_text_color=\u00a0\u00bbgcid-cf8cfa54-757e-441c-8a1d-e45560ff6fcf\u00a0\u00bb text_font_size=\u00a0\u00bb16px\u00a0\u00bb text_line_height=\u00a0\u00bb2em\u00a0\u00bb header_3_text_color=\u00a0\u00bbgcid-cf8cfa54-757e-441c-8a1d-e45560ff6fcf\u00a0\u00bb header_4_font=\u00a0\u00bb&#8211;et_global_body_font||on||||||\u00a0\u00bb header_4_text_color=\u00a0\u00bbgcid-cf8cfa54-757e-441c-8a1d-e45560ff6fcf\u00a0\u00bb text_orientation=\u00a0\u00bbcenter\u00a0\u00bb custom_margin=\u00a0\u00bb0px||||false|false\u00a0\u00bb locked=\u00a0\u00bboff\u00a0\u00bb global_colors_info=\u00a0\u00bb{%22gcid-cf8cfa54-757e-441c-8a1d-e45560ff6fcf%22:%91%22text_text_color%22,%22header_3_text_color%22,%22header_4_text_color%22%93}\u00a0\u00bb]<\/p>\n<h4>Situation, terroirs<\/h4>\n<p>[\/et_pb_text][et_pb_text _builder_version=\u00a0\u00bb4.27.6&Prime; text_text_color=\u00a0\u00bbgcid-cf8cfa54-757e-441c-8a1d-e45560ff6fcf\u00a0\u00bb text_font_size=\u00a0\u00bb16px\u00a0\u00bb header_3_text_color=\u00a0\u00bbgcid-cf8cfa54-757e-441c-8a1d-e45560ff6fcf\u00a0\u00bb text_orientation=\u00a0\u00bbcenter\u00a0\u00bb custom_margin=\u00a0\u00bb||1px|||\u00a0\u00bb global_colors_info=\u00a0\u00bb{%22gcid-cf8cfa54-757e-441c-8a1d-e45560ff6fcf%22:%91%22header_3_text_color%22,%22text_text_color%22%93}\u00a0\u00bb]<\/p>\n<p>Situ\u00e9 en C\u00f4te de Nuits entre Dijon et Gevrey-Chambertin, Fixin (prononc\u00e9 \u00ab\u00a0Fissin\u00a0\u00bb) est un village viticole ancien, marqu\u00e9 par la pr\u00e9sence d\u2019\u00e9glises datant des Xe et XIIe si\u00e8cles.<\/p>\n<p>La localisation de chaque parcelle de vigne d\u00e9finit l\u2019appellation du vin. L\u2019altitude, l\u2019exposition et les caract\u00e9ristiques du sol fa\u00e7onnent le terroir, ou \u00ab climat \u00bb, et donnent \u00e0 chaque vin sa typicit\u00e9.<\/p>\n<p>Ici, Virginie et sa famille ont \u00e0 c\u0153ur de mettre en valeur ces terroirs \u00e0 travers des cuv\u00e9es \u00ab mono-climat \u00bb, comme le Fixin \u00ab Entre Deux Velles \u00bb, situ\u00e9 au c\u0153ur du village, ou le Fixin \u00ab L\u2019Olivier \u00bb, qui b\u00e9n\u00e9ficie d\u2019une belle exposition \u00e0 l\u2019est, en haut du coteau.<\/p>\n<p>\u2014<\/p>\n<p>Afin de ma\u00eetriser chaque \u00e9tape du travail de la vigne, le Clos St Louis exploite exclusivement des parcelles proches du domaine.<\/p>\n<p><em>\u00ab\u00a0De la \u00ab\u00a0Rente Giron\u00a0\u00bb \u00e0 Dijon, aux \u00ab\u00a0Etelois\u00a0\u00bb \u00e0 Gevrey-Chambertin, nous sommes pr\u00e9sents sur les 4 premi\u00e8res appellations Villages du Nord de la C\u00f4te de Nuits : Marsannay, Fixin, C\u00f4te de Nuits Villages et Gevrey-Chambertin\u00a0\u00bb<\/em><\/p>\n<p>&#8211; Virginie B, viticultrice.<\/p>\n<p>&nbsp;<\/p>\n<p>&nbsp;<\/p>\n<p>[\/et_pb_text][et_pb_text _builder_version=\u00a0\u00bb4.27.0&Prime; text_font=\u00a0\u00bbLora||||||||\u00a0\u00bb text_text_color=\u00a0\u00bbgcid-cf8cfa54-757e-441c-8a1d-e45560ff6fcf\u00a0\u00bb text_font_size=\u00a0\u00bb16px\u00a0\u00bb text_line_height=\u00a0\u00bb2em\u00a0\u00bb header_3_text_color=\u00a0\u00bbgcid-cf8cfa54-757e-441c-8a1d-e45560ff6fcf\u00a0\u00bb header_4_font=\u00a0\u00bb&#8211;et_global_body_font||on||||||\u00a0\u00bb header_4_text_color=\u00a0\u00bbgcid-cf8cfa54-757e-441c-8a1d-e45560ff6fcf\u00a0\u00bb text_orientation=\u00a0\u00bbcenter\u00a0\u00bb custom_margin=\u00a0\u00bb0px||||false|false\u00a0\u00bb locked=\u00a0\u00bboff\u00a0\u00bb global_colors_info=\u00a0\u00bb{%22gcid-cf8cfa54-757e-441c-8a1d-e45560ff6fcf%22:%91%22text_text_color%22,%22header_3_text_color%22,%22header_4_text_color%22%93}\u00a0\u00bb]<\/p>\n<h4>Superficie et production<\/h4>\n<p>[\/et_pb_text][et_pb_text _builder_version=\u00a0\u00bb4.27.6&Prime; text_text_color=\u00a0\u00bbgcid-cf8cfa54-757e-441c-8a1d-e45560ff6fcf\u00a0\u00bb text_font_size=\u00a0\u00bb16px\u00a0\u00bb header_3_text_color=\u00a0\u00bbgcid-cf8cfa54-757e-441c-8a1d-e45560ff6fcf\u00a0\u00bb text_orientation=\u00a0\u00bbcenter\u00a0\u00bb custom_margin=\u00a0\u00bb||1px|||\u00a0\u00bb global_colors_info=\u00a0\u00bb{%22gcid-cf8cfa54-757e-441c-8a1d-e45560ff6fcf%22:%91%22header_3_text_color%22,%22text_text_color%22%93}\u00a0\u00bb]<\/p>\n<p>Le domaine s\u2019\u00e9tend aujourd\u2019hui sur 16 hectares, cultiv\u00e9s en pinot noir, chardonnay et aligot\u00e9.<br \/>Depuis sa reprise en 2026, Virginie a \u00e0 c\u0153ur de pr\u00e9server l\u2019\u00e9quilibre d\u2019un domaine \u00e0 taille humaine, permettant une attention particuli\u00e8re port\u00e9e \u00e0 chaque parcelle et \u00e0 chaque vin.<br \/>La production s\u2019\u00e9l\u00e8ve \u00e0 environ 60 000 bouteilles par an.<\/p>\n<p>[\/et_pb_text][\/et_pb_column][\/et_pb_row][\/et_pb_section][et_pb_section fb_built=\u00a0\u00bb1&Prime; _builder_version=\u00a0\u00bb4.25.1&Prime; _module_preset=\u00a0\u00bbdefault\u00a0\u00bb background_image=\u00a0\u00bbhttps:\/\/closstlouis.com\/wp-content\/uploads\/2024\/05\/domaine-travail-csl_SD.png\u00a0\u00bb height=\u00a0\u00bb400px\u00a0\u00bb global_colors_info=\u00a0\u00bb{}\u00a0\u00bb][\/et_pb_section][et_pb_section fb_built=\u00a0\u00bb1&Prime; admin_label=\u00a0\u00bbVideo\u00a0\u00bb _builder_version=\u00a0\u00bb4.25.1&Prime; background_enable_color=\u00a0\u00bboff\u00a0\u00bb background_enable_image=\u00a0\u00bboff\u00a0\u00bb background_size=\u00a0\u00bbinitial\u00a0\u00bb locked=\u00a0\u00bboff\u00a0\u00bb global_colors_info=\u00a0\u00bb{}\u00a0\u00bb][et_pb_row _builder_version=\u00a0\u00bb4.16&Prime; locked=\u00a0\u00bboff\u00a0\u00bb global_colors_info=\u00a0\u00bb{}\u00a0\u00bb][et_pb_column type=\u00a0\u00bb4_4&Prime; _builder_version=\u00a0\u00bb4.16&Prime; global_colors_info=\u00a0\u00bb{}\u00a0\u00bb][et_pb_text _builder_version=\u00a0\u00bb4.25.1&Prime; header_3_text_color=\u00a0\u00bbgcid-cf8cfa54-757e-441c-8a1d-e45560ff6fcf\u00a0\u00bb text_orientation=\u00a0\u00bbcenter\u00a0\u00bb custom_margin=\u00a0\u00bb||1px|||\u00a0\u00bb global_colors_info=\u00a0\u00bb{%22gcid-cf8cfa54-757e-441c-8a1d-e45560ff6fcf%22:%91%22header_3_text_color%22%93}\u00a0\u00bb]<\/p>\n<h3 class=\"p1\">Le travail de la vigne<\/h3>\n<p>[\/et_pb_text][et_pb_image src=\u00a0\u00bbhttps:\/\/closstlouis.com\/wp-content\/uploads\/2024\/05\/icon-raisin.png\u00a0\u00bb title_text=\u00a0\u00bbicon-raisin\u00a0\u00bb align=\u00a0\u00bbcenter\u00a0\u00bb disabled_on=\u00a0\u00bbon|on|off\u00a0\u00bb _builder_version=\u00a0\u00bb4.25.1&Prime; _module_preset=\u00a0\u00bbdefault\u00a0\u00bb width=\u00a0\u00bb150px\u00a0\u00bb global_colors_info=\u00a0\u00bb{}\u00a0\u00bb][\/et_pb_image][et_pb_text _builder_version=\u00a0\u00bb4.27.0&Prime; text_font=\u00a0\u00bbLora||||||||\u00a0\u00bb text_text_color=\u00a0\u00bbgcid-cf8cfa54-757e-441c-8a1d-e45560ff6fcf\u00a0\u00bb text_font_size=\u00a0\u00bb16px\u00a0\u00bb text_line_height=\u00a0\u00bb2em\u00a0\u00bb header_3_text_color=\u00a0\u00bbgcid-cf8cfa54-757e-441c-8a1d-e45560ff6fcf\u00a0\u00bb header_4_font=\u00a0\u00bb&#8211;et_global_body_font||on||||||\u00a0\u00bb header_4_text_color=\u00a0\u00bbgcid-cf8cfa54-757e-441c-8a1d-e45560ff6fcf\u00a0\u00bb text_orientation=\u00a0\u00bbcenter\u00a0\u00bb custom_margin=\u00a0\u00bb0px||||false|false\u00a0\u00bb locked=\u00a0\u00bboff\u00a0\u00bb global_colors_info=\u00a0\u00bb{%22gcid-cf8cfa54-757e-441c-8a1d-e45560ff6fcf%22:%91%22text_text_color%22,%22header_3_text_color%22,%22header_4_text_color%22%93}\u00a0\u00bb]<\/p>\n<h4>M\u00e9thodes culturales<\/h4>\n<p>[\/et_pb_text][et_pb_text _builder_version=\u00a0\u00bb4.27.6&Prime; text_text_color=\u00a0\u00bbgcid-cf8cfa54-757e-441c-8a1d-e45560ff6fcf\u00a0\u00bb text_font_size=\u00a0\u00bb16px\u00a0\u00bb header_3_text_color=\u00a0\u00bbgcid-cf8cfa54-757e-441c-8a1d-e45560ff6fcf\u00a0\u00bb text_orientation=\u00a0\u00bbcenter\u00a0\u00bb custom_margin=\u00a0\u00bb||1px|||\u00a0\u00bb custom_padding=\u00a0\u00bb||0px|||\u00a0\u00bb global_colors_info=\u00a0\u00bb{%22gcid-cf8cfa54-757e-441c-8a1d-e45560ff6fcf%22:%91%22header_3_text_color%22,%22text_text_color%22%93}\u00a0\u00bb]<\/p>\n<p>Tous les vins \u00e9labor\u00e9s et vendus au domaine sont issus de raisins provenant de nos propres parcelles. Tout au long de l\u2019ann\u00e9e, de la taille aux vendanges, le travail est men\u00e9 en famille, avec le soutien de notre \u00e9quipe.<\/p>\n<p>Depuis plus de 100 ans, chaque g\u00e9n\u00e9ration fait \u00e9voluer les pratiques viticoles et vinicoles du domaine.<\/p>\n<p>La conduite de la vigne repose sur des m\u00e9thodes de culture traditionnelles et respectueuses : labours printaniers, traitements phytosanitaires raisonn\u00e9s et ma\u00eetrise des rendements.<\/p>\n<p>Aujourd\u2019hui, sous l\u2019impulsion de Virginie, le domaine renforce son engagement en faveur d\u2019une viticulture durable et responsable, avec une attention particuli\u00e8re port\u00e9e \u00e0 l\u2019\u00e9quilibre du vivant.<\/p>\n<p>Certifi\u00e9s <a href=\"https:\/\/www.terravitis.com\/\" target=\"_blank\" rel=\"noopener\" title=\"Terra Vitis\"> <u>Terra Vitis<\/u><\/a>, nous garantissons des vins de qualit\u00e9, respectueux de l\u2019environnement et des femmes et des hommes qui les \u00e9laborent.<\/p>\n<p>&nbsp;<\/p>\n<p>[\/et_pb_text][et_pb_image src=\u00a0\u00bbhttps:\/\/closstlouis.com\/wp-content\/uploads\/2024\/08\/TerraVitis_NEW_Logo_FR_CMJN-1.jpg\u00a0\u00bb title_text=\u00a0\u00bbTerraVitis_NEW_Logo_FR_CMJN\u00a0\u00bb url=\u00a0\u00bbhttps:\/\/www.terravitis.com\/\u00a0\u00bb url_new_window=\u00a0\u00bbon\u00a0\u00bb align=\u00a0\u00bbcenter\u00a0\u00bb disabled_on=\u00a0\u00bbon|on|off\u00a0\u00bb _builder_version=\u00a0\u00bb4.27.0&Prime; _module_preset=\u00a0\u00bbdefault\u00a0\u00bb width=\u00a0\u00bb150px\u00a0\u00bb global_colors_info=\u00a0\u00bb{}\u00a0\u00bb][\/et_pb_image][et_pb_text _builder_version=\u00a0\u00bb4.27.6&Prime; text_font=\u00a0\u00bbLora||||||||\u00a0\u00bb text_text_color=\u00a0\u00bbgcid-cf8cfa54-757e-441c-8a1d-e45560ff6fcf\u00a0\u00bb text_font_size=\u00a0\u00bb16px\u00a0\u00bb text_line_height=\u00a0\u00bb2em\u00a0\u00bb header_3_text_color=\u00a0\u00bbgcid-cf8cfa54-757e-441c-8a1d-e45560ff6fcf\u00a0\u00bb header_4_font=\u00a0\u00bb&#8211;et_global_body_font||on||||||\u00a0\u00bb header_4_text_color=\u00a0\u00bbgcid-cf8cfa54-757e-441c-8a1d-e45560ff6fcf\u00a0\u00bb text_orientation=\u00a0\u00bbcenter\u00a0\u00bb custom_margin=\u00a0\u00bb-1px||||false|false\u00a0\u00bb locked=\u00a0\u00bboff\u00a0\u00bb global_colors_info=\u00a0\u00bb{%22gcid-cf8cfa54-757e-441c-8a1d-e45560ff6fcf%22:%91%22text_text_color%22,%22header_3_text_color%22,%22header_4_text_color%22%93}\u00a0\u00bb]<\/p>\n<h4><\/h4>\n<h4>Vendanges &amp; vini\ufb01cation<\/h4>\n<p>[\/et_pb_text][et_pb_text _builder_version=\u00a0\u00bb4.27.6&Prime; text_text_color=\u00a0\u00bbgcid-cf8cfa54-757e-441c-8a1d-e45560ff6fcf\u00a0\u00bb text_font_size=\u00a0\u00bb16px\u00a0\u00bb header_3_text_color=\u00a0\u00bbgcid-cf8cfa54-757e-441c-8a1d-e45560ff6fcf\u00a0\u00bb text_orientation=\u00a0\u00bbcenter\u00a0\u00bb custom_margin=\u00a0\u00bb||1px|||\u00a0\u00bb global_colors_info=\u00a0\u00bb{%22gcid-cf8cfa54-757e-441c-8a1d-e45560ff6fcf%22:%91%22header_3_text_color%22,%22text_text_color%22%93}\u00a0\u00bb]<\/p>\n<p>Notre approche de la vinification reste fid\u00e8le \u00e0 une tradition ma\u00eetris\u00e9e : vendanges manuelles, \u00e9raflage total, mac\u00e9ration \u00e0 froid et extraction ajust\u00e9e selon la qualit\u00e9 des tanins.<\/p>\n<p>L\u2019\u00e9levage, d\u2019une dur\u00e9e de 12 \u00e0 15 mois en f\u00fbts de ch\u00eane, est adapt\u00e9 \u00e0 chaque mill\u00e9sime et \u00e0 chaque appellation afin de pr\u00e9server l\u2019\u00e9quilibre des vins, leur fra\u00eecheur et leur potentiel de garde.<\/p>\n<p>La mise en bouteille est r\u00e9alis\u00e9e au domaine, avec une filtration uniquement si n\u00e9cessaire.<\/p>\n<p>Aujourd\u2019hui, Virginie, aux c\u00f4t\u00e9s de son p\u00e8re Philippe, s\u2019attache \u00e0 accompagner chaque mill\u00e9sime avec pr\u00e9cision en apportant sa propre sensibilit\u00e9, afin de r\u00e9v\u00e9ler au mieux l\u2019expression du terroir et du fruit.<\/p>\n<p>&nbsp;<\/p>\n<p>[\/et_pb_text][\/et_pb_column][\/et_pb_row][\/et_pb_section]<\/p>\n","protected":false},"excerpt":{"rendered":"<p>Pr\u00e9sentationLes vigneronsNotre histoireDepuis sa cr\u00e9ation par Edmond Bernard, quatre g\u00e9n\u00e9rations se sont succ\u00e9d\u00e9es au Clos St Louis. Apr\u00e8s son grand-p\u00e8re Maurice, puis son p\u00e8re Charles, Philippe a repris la t\u00eate de l\u2019exploitation en 1995. Avec Martine son \u00e9pouse, ils d\u00e9veloppent le domaine qui rayonne \u00e0 travers de nouvelles activit\u00e9s : mise en bouteille au domaine, [&hellip;]<\/p>\n","protected":false},"author":1,"featured_media":0,"parent":0,"menu_order":0,"comment_status":"closed","ping_status":"closed","template":"","meta":{"_et_pb_use_builder":"on","_et_pb_old_content":"","_et_gb_content_width":"","footnotes":""},"class_list":["post-102","page","type-page","status-publish","hentry"],"_links":{"self":[{"href":"https:\/\/closstlouis.com\/index.php\/wp-json\/wp\/v2\/pages\/102","targetHints":{"allow":["GET"]}}],"collection":[{"href":"https:\/\/closstlouis.com\/index.php\/wp-json\/wp\/v2\/pages"}],"about":[{"href":"https:\/\/closstlouis.com\/index.php\/wp-json\/wp\/v2\/types\/page"}],"author":[{"embeddable":true,"href":"https:\/\/closstlouis.com\/index.php\/wp-json\/wp\/v2\/users\/1"}],"replies":[{"embeddable":true,"href":"https:\/\/closstlouis.com\/index.php\/wp-json\/wp\/v2\/comments?post=102"}],"version-history":[{"count":30,"href":"https:\/\/closstlouis.com\/index.php\/wp-json\/wp\/v2\/pages\/102\/revisions"}],"predecessor-version":[{"id":329,"href":"https:\/\/closstlouis.com\/index.php\/wp-json\/wp\/v2\/pages\/102\/revisions\/329"}],"wp:attachment":[{"href":"https:\/\/closstlouis.com\/index.php\/wp-json\/wp\/v2\/media?parent=102"}],"curies":[{"name":"wp","href":"https:\/\/api.w.org\/{rel}","templated":true}]}}